{"id":188,"date":"2025-04-03T17:12:48","date_gmt":"2025-04-03T17:12:48","guid":{"rendered":"https:\/\/news.judgeapps.com\/?page_id=188"},"modified":"2026-03-31T20:14:06","modified_gmt":"2026-03-31T20:14:06","slug":"privacy-policy-2","status":"publish","type":"page","link":"https:\/\/news.judgeapps.com\/hu\/privacy-policy-2\/","title":{"rendered":"Adatv\u00e9delmi ir\u00e1nyelvek"},"content":{"rendered":"<meta charset=\"UTF-8\">\n\n\n\n<meta name=\"viewport\" content=\"width=device-width, initial-scale=1.0\">\n\n\n\n<title>Privacy Policy &#8211; news.judgeapps<\/title>\n\n\n\n<p>Az \u00d6n adatainak v\u00e9delme fontos sz\u00e1munkra. Ez az Adatv\u00e9delmi ir\u00e1nyelv le\u00edrja, hogyan <strong>h\u00edrek.b\u00edr\u00f3alkalmaz\u00e1sok<\/strong> gy\u0171jti, haszn\u00e1lja \u00e9s v\u00e9di az \u00d6n adatait, amikor felkeresi weboldalunkat:\n<a href=\"https:\/\/news.judgeapps.com\/hu\/\" target=\"_blank\" rel=\"noopener noreferrer\">https:\/\/news.judgeapps.com\/<\/a>.<\/p>\n\n\n\n<h2 class=\"wp-block-heading\">1. Adatkezel\u0151 \u00e9s az alkalmazand\u00f3 jog<\/h2>\n\n\n\n<p>A szem\u00e9lyes adatok kezel\u00e9s\u00e9\u00e9rt felel\u0151s adatkezel\u0151:<\/p>\n\n\n\n<p>\n<strong>G MATTUCCI EMPREENDIMENTOS ONLINE EIRELI<\/strong><br>\nCNPJ: 33.750.272\/0001-68\n<\/p>\n\n\n\n<p>Minden adatkezel\u00e9s a vonatkoz\u00f3 jogszab\u00e1lyoknak megfelel\u0151en t\u00f6rt\u00e9nik, bele\u00e9rtve a <strong>Lei Geral de Prote\u00e7\u00e3o de Dados (LGPD \u2013 13.709\/2018. sz. t\u00f6rv\u00e9ny)<\/strong> \u00e9s egy\u00e9b vonatkoz\u00f3 adatv\u00e9delmi el\u0151\u00edr\u00e1sok.<\/p>\n\n\n\n<h2 class=\"wp-block-heading\">2. Az \u00e1ltalunk gy\u0171jt\u00f6tt inform\u00e1ci\u00f3k<\/h2>\n\n\n\n<p>Szem\u00e9lyes adatokat csak akkor gy\u0171jt\u00fcnk, ha az sz\u00fcks\u00e9ges szolg\u00e1ltat\u00e1saink ny\u00fajt\u00e1s\u00e1hoz \u00e9s fejleszt\u00e9s\u00e9hez. Ez mag\u00e1ban foglalhatja a k\u00f6vetkez\u0151ket:<\/p>\n\n\n\n<ul class=\"wp-block-list\">\n<li>N\u00e9v \u00e9s el\u00e9rhet\u0151s\u00e9gek (amennyiben \u00f6nk\u00e9ntesen megadj\u00e1k)<\/li>\n\n\n\n<li>Eszk\u00f6z- \u00e9s b\u00f6ng\u00e9sz\u00e9si adatok (p\u00e9ld\u00e1ul IP-c\u00edm, b\u00f6ng\u00e9sz\u0151 t\u00edpusa, megl\u00e1togatott oldalak)<\/li>\n\n\n\n<li>S\u00fctik \u00e9s nyomk\u00f6vet\u0151 technol\u00f3gi\u00e1k<\/li>\n<\/ul>\n\n\n\n<p>Minden adatot jogszer\u0171 eszk\u00f6z\u00f6kkel gy\u0171jt\u00fcnk, az \u00d6n tudt\u00e1val \u00e9s sz\u00fcks\u00e9g eset\u00e9n az \u00d6n hozz\u00e1j\u00e1rul\u00e1s\u00e1val.<\/p>\n\n\n\n<h2 class=\"wp-block-heading\">3. Hogyan haszn\u00e1ljuk fel az \u00d6n adatait<\/h2>\n\n\n\n<p>A gy\u0171jt\u00f6tt inform\u00e1ci\u00f3kat a k\u00f6vetkez\u0151kre haszn\u00e1ljuk fel:<\/p>\n\n\n\n<ul class=\"wp-block-list\">\n<li>Weboldalunk biztos\u00edt\u00e1sa, \u00fczemeltet\u00e9se \u00e9s karbantart\u00e1sa<\/li>\n\n\n\n<li>Jav\u00edtsa a felhaszn\u00e1l\u00f3i \u00e9lm\u00e9nyt \u00e9s a webhely teljes\u00edtm\u00e9ny\u00e9t<\/li>\n\n\n\n<li>A felhaszn\u00e1l\u00f3i viselked\u00e9s \u00e9s preferenci\u00e1k meg\u00e9rt\u00e9se<\/li>\n\n\n\n<li>Relev\u00e1ns tartalmak \u00e9s hirdet\u00e9sek megjelen\u00edt\u00e9se<\/li>\n<\/ul>\n\n\n\n<h2 class=\"wp-block-heading\">4. Hirdet\u00e9s, Google Ads \u00e9s hirdet\u00e9sek szem\u00e9lyre szab\u00e1sa<\/h2>\n\n\n\n<p>Harmadik f\u00e9lt\u0151l sz\u00e1rmaz\u00f3 hirdet\u00e9si szolg\u00e1ltat\u00e1sokat vesz\u00fcnk ig\u00e9nybe, bele\u00e9rtve a k\u00f6vetkez\u0151ket: <strong>Google Hirdet\u00e9sek<\/strong>, <strong>Google AdSense<\/strong>, \u00e9s <strong>Google Hirdet\u00e9skezel\u0151<\/strong>, hirdet\u00e9sek megjelen\u00edt\u00e9se weboldalunkon.<\/p>\n\n\n\n<p>Ezek a szolg\u00e1ltat\u00e1sok s\u00fctiket \u00e9s hasonl\u00f3 technol\u00f3gi\u00e1kat haszn\u00e1lnak, hogy inform\u00e1ci\u00f3kat gy\u0171jtsenek az \u00d6n ezen \u00e9s m\u00e1s webhelyeken tett l\u00e1togat\u00e1sair\u00f3l, \u00e9s \u00edgy az \u00d6n \u00e9rdekl\u0151d\u00e9si k\u00f6r\u00e9nek megfelel\u0151, szem\u00e9lyre szabott hirdet\u00e9seket jelen\u00edtsenek meg.<\/p>\n\n\n\n<p>Ez mag\u00e1ban foglalhatja a k\u00f6vetkez\u0151ket:<\/p>\n\n\n\n<ul class=\"wp-block-list\">\n<li>B\u00f6ng\u00e9sz\u00e9si viselked\u00e9s<\/li>\n\n\n\n<li>Megl\u00e1togatott oldalak<\/li>\n\n\n\n<li>Oldalakon t\u00f6lt\u00f6tt id\u0151<\/li>\n\n\n\n<li>Rekl\u00e1mokkal val\u00f3 interakci\u00f3<\/li>\n<\/ul>\n\n\n\n<p>A Google \u00e9s partnerei ezeket az adatokat a k\u00f6vetkez\u0151kre haszn\u00e1lhatj\u00e1k fel:<\/p>\n\n\n\n<ul class=\"wp-block-list\">\n<li>Szem\u00e9lyre szabott hirdet\u00e9sek megjelen\u00edt\u00e9se<\/li>\n\n\n\n<li>Hirdet\u00e9steljes\u00edtm\u00e9ny m\u00e9r\u00e9se<\/li>\n\n\n\n<li>Korl\u00e1tozza az ism\u00e9telt hirdet\u00e9smegjelen\u00e9st<\/li>\n<\/ul>\n\n\n\n<p>A Google adatfelhaszn\u00e1l\u00e1si m\u00f3dszereivel kapcsolatos tov\u00e1bbi r\u00e9szletek\u00e9rt l\u00e1togasson el ide:<\/p>\n\n\n\n<figure class=\"wp-block-embed\"><div class=\"wp-block-embed__wrapper\">\nhttps:\/\/policies.google.com\/technologies\/ads\n<\/div><\/figure>\n\n\n\n<h3 class=\"wp-block-heading\">Szem\u00e9lyre szabott hirdet\u00e9sek kezel\u00e9se vagy letilt\u00e1sa<\/h3>\n\n\n\n<p>A szem\u00e9lyre szabott hirdet\u00e9seket k\u00f6zvetlen\u00fcl a k\u00f6vetkez\u0151k\u00e9ppen tilthatja le:<\/p>\n\n\n\n<figure class=\"wp-block-embed\"><div class=\"wp-block-embed__wrapper\">\nhttps:\/\/myadcenter.google.com\/personalizationoff\n<\/div><\/figure>\n\n\n\n<p>A hirdet\u00e9si be\u00e1ll\u00edt\u00e1sait a k\u00f6vetkez\u0151k\u00e9ppen is kezelheti:<\/p>\n\n\n\n<p>\n<a href=\"https:\/\/adssettings.google.com\/\" target=\"_blank\" rel=\"noopener noreferrer\">\nGoogle Hirdet\u00e9sek be\u00e1ll\u00edt\u00e1sai\n<\/a>\n<br><br>\n<a href=\"https:\/\/myadcenter.google.com\/\" target=\"_blank\" rel=\"noopener noreferrer\">\nGoogle Hirdet\u00e9sk\u00f6zpont\n<\/a>\n<\/p>\n\n\n\n<p>Ezenk\u00edv\u00fcl leiratkozhat a harmadik f\u00e9lt\u0151l sz\u00e1rmaz\u00f3 szem\u00e9lyre szabott hirdet\u00e9sekr\u0151l a k\u00f6vetkez\u0151 weboldalon:<\/p>\n\n\n\n<figure class=\"wp-block-embed\"><div class=\"wp-block-embed__wrapper\">\nhttps:\/\/www.aboutads.info\/choices\n<\/div><\/figure>\n\n\n\n<p>Hivatalos Google Megjelen\u00edt\u0151i Szab\u00e1lyzat hivatkoz\u00e1s:<\/p>\n\n\n\n<figure class=\"wp-block-embed\"><div class=\"wp-block-embed__wrapper\">\nhttps:\/\/support.google.com\/publisherpolicies\/answer\/10502938?hl=pt-BR#privacy\n<\/div><\/figure>\n\n\n\n<h2 class=\"wp-block-heading\">5. Google Analytics<\/h2>\n\n\n\n<p>A Google Analytics szolg\u00e1ltat\u00e1sait arra haszn\u00e1ljuk, hogy elemezz\u00fck, hogyan haszn\u00e1lj\u00e1k a felhaszn\u00e1l\u00f3k weboldalunkat, \u00e9s hogy jav\u00edtsuk szolg\u00e1ltat\u00e1sainkat.<\/p>\n\n\n\n<p>A Google Analytics olyan inform\u00e1ci\u00f3kat gy\u0171jt, mint az IP-c\u00edm, a megl\u00e1togatott oldalak, az oldalakon elt\u00f6lt\u00f6tt id\u0151 \u00e9s a navig\u00e1ci\u00f3s mint\u00e1k.<\/p>\n\n\n\n<p>Tudj meg t\u00f6bbet:<\/p>\n\n\n\n<figure class=\"wp-block-embed\"><div class=\"wp-block-embed__wrapper\">\nhttps:\/\/policies.google.com\/privacy\n<\/div><\/figure>\n\n\n\n<p>A Google Analytics k\u00f6vet\u00e9s\u00e9b\u0151l kil\u00e9phet a b\u00f6ng\u00e9sz\u0151b\u0151v\u00edtm\u00e9ny telep\u00edt\u00e9s\u00e9vel:<\/p>\n\n\n\n<figure class=\"wp-block-embed\"><div class=\"wp-block-embed__wrapper\">\nhttps:\/\/tools.google.com\/dlpage\/gaoptout\n<\/div><\/figure>\n\n\n\n<h2 class=\"wp-block-heading\">6. Adatmeg\u0151rz\u00e9s \u00e9s -v\u00e9delem<\/h2>\n\n\n\n<p>A szem\u00e9lyes adatokat csak addig \u0151rizz\u00fck meg, ameddig az a jelen szab\u00e1lyzatban le\u00edrt c\u00e9lok teljes\u00edt\u00e9s\u00e9hez sz\u00fcks\u00e9ges.<\/p>\n\n\n\n<p>Kereskedelmi szempontb\u00f3l \u00e9sszer\u0171 biztons\u00e1gi int\u00e9zked\u00e9seket alkalmazunk adatainak v\u00e9delme \u00e9rdek\u00e9ben a jogosulatlan hozz\u00e1f\u00e9r\u00e9s, nyilv\u00e1noss\u00e1gra hozatal, megv\u00e1ltoztat\u00e1s, elveszt\u00e9s vagy lop\u00e1s ellen.<\/p>\n\n\n\n<h2 class=\"wp-block-heading\">7. Inform\u00e1ci\u00f3megoszt\u00e1s<\/h2>\n\n\n\n<p>Nem \u00e9rt\u00e9kes\u00edt\u00fcnk szem\u00e9lyes adatokat. Kiz\u00e1r\u00f3lag az al\u00e1bbi esetekben oszthatunk meg inform\u00e1ci\u00f3kat:<\/p>\n\n\n\n<ul class=\"wp-block-list\">\n<li>Amikor a t\u00f6rv\u00e9ny el\u0151\u00edrja<\/li>\n\n\n\n<li>Megb\u00edzhat\u00f3 szolg\u00e1ltat\u00f3kkal (pl. analitikai \u00e9s hirdet\u00e9si platformokkal)<\/li>\n<\/ul>\n\n\n\n<h2 class=\"wp-block-heading\">8. S\u00fctikre vonatkoz\u00f3 szab\u00e1lyzat<\/h2>\n\n\n\n<h3 class=\"wp-block-heading\">Mik azok a s\u00fctik?<\/h3>\n\n\n\n<p>A s\u00fctik kis sz\u00f6veges f\u00e1jlok, amelyek az \u00d6n eszk\u00f6z\u00e9n t\u00e1rol\u00f3dnak, \u00e9s a b\u00f6ng\u00e9sz\u00e9si \u00e9lm\u00e9ny jav\u00edt\u00e1sa \u00e9rdek\u00e9ben.<\/p>\n\n\n\n<h3 class=\"wp-block-heading\">Hogyan haszn\u00e1ljuk a s\u00fctiket<\/h3>\n\n\n\n<ul class=\"wp-block-list\">\n<li>Weboldal m\u0171k\u00f6d\u00e9s\u00e9nek biztos\u00edt\u00e1sa<\/li>\n\n\n\n<li>Felhaszn\u00e1l\u00f3i viselked\u00e9s elemz\u00e9se<\/li>\n\n\n\n<li>Szem\u00e9lyre szabott hirdet\u00e9sek enged\u00e9lyez\u00e9se<\/li>\n<\/ul>\n\n\n\n<h3 class=\"wp-block-heading\">S\u00fctik kezel\u00e9se<\/h3>\n\n\n\n<ul class=\"wp-block-list\">\n<li><a href=\"https:\/\/support.google.com\/chrome\/answer\/95647\" target=\"_blank\">Google Chrome<\/a><\/li>\n\n\n\n<li><a href=\"https:\/\/support.mozilla.org\" target=\"_blank\">Mozilla Firefox<\/a><\/li>\n\n\n\n<li><a href=\"https:\/\/support.microsoft.com\" target=\"_blank\">Microsoft Edge<\/a><\/li>\n\n\n\n<li><a href=\"https:\/\/help.opera.com\" target=\"_blank\">Opera<\/a><\/li>\n\n\n\n<li><a href=\"https:\/\/support.apple.com\" target=\"_blank\">Szafari<\/a><\/li>\n<\/ul>\n\n\n\n<h2 class=\"wp-block-heading\">9. K\u00fcls\u0151 linkek<\/h2>\n\n\n\n<p>Nem v\u00e1llalunk felel\u0151ss\u00e9get a platformunkon tal\u00e1lhat\u00f3 harmadik f\u00e9l weboldalai\u00e9rt.<\/p>\n\n\n\n<h2 class=\"wp-block-heading\">10. Az \u00d6n jogai<\/h2>\n\n\n\n<p>Az LGPD \u00e9rtelm\u00e9ben k\u00e9rheti szem\u00e9lyes adataihoz val\u00f3 hozz\u00e1f\u00e9r\u00e9st, azok helyesb\u00edt\u00e9s\u00e9t vagy t\u00f6rl\u00e9s\u00e9t, \u00e9s adott esetben visszavonhatja hozz\u00e1j\u00e1rul\u00e1s\u00e1t.<\/p>\n\n\n\n<h2 class=\"wp-block-heading\">11. A jelen szab\u00e1lyzat m\u00f3dos\u00edt\u00e1sai<\/h2>\n\n\n\n<p>Adatv\u00e9delmi ir\u00e1nyelveinket b\u00e1rmikor friss\u00edthetj\u00fck.<\/p>\n\n\n\n<h2 class=\"wp-block-heading\">12. Kapcsolat<\/h2>\n\n\n\n<p>Ha k\u00e9rd\u00e9se van, k\u00e9rj\u00fck, vegye fel vel\u00fcnk a kapcsolatot weboldalunkon kereszt\u00fcl.<\/p>\n\n\n\n<hr class=\"wp-block-separator has-alpha-channel-opacity\"\/>\n\n\n\n<p><strong>Hat\u00e1lybal\u00e9p\u00e9s d\u00e1tuma:<\/strong> 2026. m\u00e1rcius 31.<\/p>","protected":false},"excerpt":{"rendered":"<p>Privacy Policy &#8211; news.judgeapps Your privacy is important to us. This Privacy Policy describes how news.judgeapps collects, uses, and protects your information&#8230;<\/p>","protected":false},"author":3,"featured_media":0,"parent":0,"menu_order":0,"comment_status":"closed","ping_status":"closed","template":"","meta":{"footnotes":""},"class_list":["post-188","page","type-page","status-publish","hentry","entry"],"_links":{"self":[{"href":"https:\/\/news.judgeapps.com\/hu\/wp-json\/wp\/v2\/pages\/188","targetHints":{"allow":["GET"]}}],"collection":[{"href":"https:\/\/news.judgeapps.com\/hu\/wp-json\/wp\/v2\/pages"}],"about":[{"href":"https:\/\/news.judgeapps.com\/hu\/wp-json\/wp\/v2\/types\/page"}],"author":[{"embeddable":true,"href":"https:\/\/news.judgeapps.com\/hu\/wp-json\/wp\/v2\/users\/3"}],"replies":[{"embeddable":true,"href":"https:\/\/news.judgeapps.com\/hu\/wp-json\/wp\/v2\/comments?post=188"}],"version-history":[{"count":5,"href":"https:\/\/news.judgeapps.com\/hu\/wp-json\/wp\/v2\/pages\/188\/revisions"}],"predecessor-version":[{"id":2695,"href":"https:\/\/news.judgeapps.com\/hu\/wp-json\/wp\/v2\/pages\/188\/revisions\/2695"}],"wp:attachment":[{"href":"https:\/\/news.judgeapps.com\/hu\/wp-json\/wp\/v2\/media?parent=188"}],"curies":[{"name":"wp","href":"https:\/\/api.w.org\/{rel}","templated":true}]}}