{"id":188,"date":"2025-04-03T17:12:48","date_gmt":"2025-04-03T17:12:48","guid":{"rendered":"https:\/\/news.judgeapps.com\/?page_id=188"},"modified":"2026-03-31T20:14:06","modified_gmt":"2026-03-31T20:14:06","slug":"privacy-policy-2","status":"publish","type":"page","link":"https:\/\/news.judgeapps.com\/cs\/privacy-policy-2\/","title":{"rendered":"Z\u00e1sady ochrany osobn\u00edch \u00fadaj\u016f"},"content":{"rendered":"<meta charset=\"UTF-8\">\n\n\n\n<meta name=\"viewport\" content=\"width=device-width, initial-scale=1.0\">\n\n\n\n<title>Privacy Policy &#8211; news.judgeapps<\/title>\n\n\n\n<p>Va\u0161e soukrom\u00ed je pro n\u00e1s d\u016fle\u017eit\u00e9. Tyto Z\u00e1sady ochrany osobn\u00edch \u00fadaj\u016f popisuj\u00ed, jak <strong>news.judgeapps<\/strong> shroma\u017e\u010fuje, pou\u017e\u00edv\u00e1 a chr\u00e1n\u00ed va\u0161e informace, kdy\u017e p\u0159istupujete na na\u0161e webov\u00e9 str\u00e1nky:\n<a href=\"https:\/\/news.judgeapps.com\/cs\/\" target=\"_blank\" rel=\"noopener noreferrer\">https:\/\/news.judgeapps.com\/<\/a>.<\/p>\n\n\n\n<h2 class=\"wp-block-heading\">1. Spr\u00e1vce \u00fadaj\u016f a platn\u00e9 pr\u00e1vo<\/h2>\n\n\n\n<p>Spr\u00e1vcem odpov\u011bdn\u00fdm za zpracov\u00e1n\u00ed va\u0161ich osobn\u00edch \u00fadaj\u016f je:<\/p>\n\n\n\n<p>\n<strong>G MATTUCCI EMPREENDIMENTOS ONLINE EIRELI<\/strong><br>\n\u010c\u00edslo CNPJ: 33.750.272\/0001-68\n<\/p>\n\n\n\n<p>Ve\u0161ker\u00e9 zpracov\u00e1n\u00ed \u00fadaj\u016f prob\u00edh\u00e1 v souladu s platn\u00fdmi z\u00e1kony, v\u010detn\u011b <strong>Lei Geral de Prote\u00e7\u00e3o de Dados (LGPD \u2013 z\u00e1kon \u010d. 13.709\/2018)<\/strong> a dal\u0161\u00ed p\u0159\u00edslu\u0161n\u00e9 p\u0159edpisy o ochran\u011b osobn\u00edch \u00fadaj\u016f.<\/p>\n\n\n\n<h2 class=\"wp-block-heading\">2. Informace, kter\u00e9 shroma\u017e\u010fujeme<\/h2>\n\n\n\n<p>Osobn\u00ed \u00fadaje shroma\u017e\u010fujeme pouze tehdy, je-li to nezbytn\u00e9 k poskytov\u00e1n\u00ed a zlep\u0161ov\u00e1n\u00ed na\u0161ich slu\u017eeb. M\u016f\u017ee se jednat o:<\/p>\n\n\n\n<ul class=\"wp-block-list\">\n<li>Jm\u00e9no a kontaktn\u00ed informace (pokud jsou poskytnuty dobrovoln\u011b)<\/li>\n\n\n\n<li>\u00dadaje o za\u0159\u00edzen\u00ed a prohl\u00ed\u017een\u00ed (nap\u0159\u00edklad IP adresa, typ prohl\u00ed\u017ee\u010de, nav\u0161t\u00edven\u00e9 str\u00e1nky)<\/li>\n\n\n\n<li>Soubory cookie a technologie sledov\u00e1n\u00ed<\/li>\n<\/ul>\n\n\n\n<p>Ve\u0161ker\u00e9 \u00fadaje jsou shroma\u017e\u010fov\u00e1ny z\u00e1konn\u00fdmi prost\u0159edky, s va\u0161\u00edm v\u011bdom\u00edm a v p\u0159\u00edpad\u011b pot\u0159eby i s va\u0161\u00edm souhlasem.<\/p>\n\n\n\n<h2 class=\"wp-block-heading\">3. Jak pou\u017e\u00edv\u00e1me va\u0161e informace<\/h2>\n\n\n\n<p>Shrom\u00e1\u017ed\u011bn\u00e9 informace pou\u017e\u00edv\u00e1me k:<\/p>\n\n\n\n<ul class=\"wp-block-list\">\n<li>Poskytov\u00e1n\u00ed, provozov\u00e1n\u00ed a \u00fadr\u017eba na\u0161ich webov\u00fdch str\u00e1nek<\/li>\n\n\n\n<li>Zlep\u0161en\u00ed u\u017eivatelsk\u00e9ho prost\u0159ed\u00ed a v\u00fdkonu webu<\/li>\n\n\n\n<li>Pochopte chov\u00e1n\u00ed a preference u\u017eivatel\u016f<\/li>\n\n\n\n<li>Zobrazujte relevantn\u00ed obsah a reklamy<\/li>\n<\/ul>\n\n\n\n<h2 class=\"wp-block-heading\">4. Reklama, reklamy Google a personalizace reklam<\/h2>\n\n\n\n<p>Vyu\u017e\u00edv\u00e1me reklamn\u00ed slu\u017eby t\u0159et\u00edch stran, v\u010detn\u011b <strong>Reklamy Google<\/strong>, <strong>Google AdSense<\/strong>, a <strong>Spr\u00e1vce reklam Google<\/strong>, k zobrazov\u00e1n\u00ed reklam na na\u0161ich webov\u00fdch str\u00e1nk\u00e1ch.<\/p>\n\n\n\n<p>Tyto slu\u017eby pou\u017e\u00edvaj\u00ed soubory cookie a podobn\u00e9 technologie ke shroma\u017e\u010fov\u00e1n\u00ed informac\u00ed o va\u0161ich n\u00e1v\u0161t\u011bv\u00e1ch t\u00e9to a dal\u0161\u00edch webov\u00fdch str\u00e1nek, aby v\u00e1m mohly poskytovat personalizovan\u00e9 reklamy na z\u00e1klad\u011b va\u0161ich z\u00e1jm\u016f.<\/p>\n\n\n\n<p>To m\u016f\u017ee zahrnovat:<\/p>\n\n\n\n<ul class=\"wp-block-list\">\n<li>Chov\u00e1n\u00ed p\u0159i prohl\u00ed\u017een\u00ed<\/li>\n\n\n\n<li>Nav\u0161t\u00edven\u00e9 str\u00e1nky<\/li>\n\n\n\n<li>\u010cas str\u00e1ven\u00fd na str\u00e1nk\u00e1ch<\/li>\n\n\n\n<li>Interakce s reklamami<\/li>\n<\/ul>\n\n\n\n<p>Google a jeho partne\u0159i mohou tato data pou\u017e\u00edt k:<\/p>\n\n\n\n<ul class=\"wp-block-list\">\n<li>Zobrazujte personalizovan\u00e9 reklamy<\/li>\n\n\n\n<li>M\u011b\u0159en\u00ed v\u00fdkonu reklam<\/li>\n\n\n\n<li>Omezte opakovan\u00e9 zobrazov\u00e1n\u00ed reklamy<\/li>\n<\/ul>\n\n\n\n<p>V\u00edce informac\u00ed o tom, jak Google pou\u017e\u00edv\u00e1 data, naleznete na adrese:<\/p>\n\n\n\n<figure class=\"wp-block-embed\"><div class=\"wp-block-embed__wrapper\">\nhttps:\/\/policies.google.com\/technologies\/ads\n<\/div><\/figure>\n\n\n\n<h3 class=\"wp-block-heading\">Spr\u00e1va nebo zak\u00e1z\u00e1n\u00ed personalizovan\u00fdch reklam<\/h3>\n\n\n\n<p>Personalizovanou reklamu m\u016f\u017eete deaktivovat p\u0159\u00edmo prost\u0159ednictv\u00edm:<\/p>\n\n\n\n<figure class=\"wp-block-embed\"><div class=\"wp-block-embed__wrapper\">\nhttps:\/\/myadcenter.google.com\/personalizationoff\n<\/div><\/figure>\n\n\n\n<p>Sv\u00e9 preference reklam m\u016f\u017eete spravovat tak\u00e9 prost\u0159ednictv\u00edm:<\/p>\n\n\n\n<p>\n<a href=\"https:\/\/adssettings.google.com\/\" target=\"_blank\" rel=\"noopener noreferrer\">\nNastaven\u00ed reklam Google\n<\/a>\n<br><br>\n<a href=\"https:\/\/myadcenter.google.com\/\" target=\"_blank\" rel=\"noopener noreferrer\">\nCentrum reklam Google\n<\/a>\n<\/p>\n\n\n\n<p>Krom\u011b toho se m\u016f\u017eete odhl\u00e1sit z personalizovan\u00e9 reklamy t\u0159et\u00edch stran na t\u011bchto str\u00e1nk\u00e1ch:<\/p>\n\n\n\n<figure class=\"wp-block-embed\"><div class=\"wp-block-embed__wrapper\">\nhttps:\/\/www.aboutads.info\/choices\n<\/div><\/figure>\n\n\n\n<p>Ofici\u00e1ln\u00ed odkaz na z\u00e1sady pro majitele obsahu od Googlu:<\/p>\n\n\n\n<figure class=\"wp-block-embed\"><div class=\"wp-block-embed__wrapper\">\nhttps:\/\/support.google.com\/publisherpolicies\/answer\/10502938?hl=pt-BR#privacy\n<\/div><\/figure>\n\n\n\n<h2 class=\"wp-block-heading\">5. Google Analytics<\/h2>\n\n\n\n<p>Pou\u017e\u00edv\u00e1me Google Analytics k anal\u00fdze interakce u\u017eivatel\u016f s na\u0161imi webov\u00fdmi str\u00e1nkami a ke zlep\u0161en\u00ed na\u0161ich slu\u017eeb.<\/p>\n\n\n\n<p>Google Analytics shroma\u017e\u010fuje informace, jako je IP adresa, nav\u0161t\u00edven\u00e9 str\u00e1nky, \u010das str\u00e1ven\u00fd na str\u00e1nk\u00e1ch a vzorce navigace.<\/p>\n\n\n\n<p>Zjist\u011bte v\u00edce:<\/p>\n\n\n\n<figure class=\"wp-block-embed\"><div class=\"wp-block-embed__wrapper\">\nhttps:\/\/policies.google.com\/privacy\n<\/div><\/figure>\n\n\n\n<p>Sledov\u00e1n\u00ed Google Analytics m\u016f\u017eete zru\u0161it instalac\u00ed dopl\u0148ku prohl\u00ed\u017ee\u010de:<\/p>\n\n\n\n<figure class=\"wp-block-embed\"><div class=\"wp-block-embed__wrapper\">\nhttps:\/\/tools.google.com\/dlpage\/gaoptout\n<\/div><\/figure>\n\n\n\n<h2 class=\"wp-block-heading\">6. Uchov\u00e1v\u00e1n\u00ed a ochrana dat<\/h2>\n\n\n\n<p>Osobn\u00ed \u00fadaje uchov\u00e1v\u00e1me pouze po dobu nezbytn\u011b nutnou k napln\u011bn\u00ed \u00fa\u010del\u016f popsan\u00fdch v t\u011bchto z\u00e1sad\u00e1ch.<\/p>\n\n\n\n<p>Zav\u00e1d\u00edme komer\u010dn\u011b p\u0159im\u011b\u0159en\u00e1 bezpe\u010dnostn\u00ed opat\u0159en\u00ed k ochran\u011b va\u0161ich \u00fadaj\u016f p\u0159ed neopr\u00e1vn\u011bn\u00fdm p\u0159\u00edstupem, zve\u0159ejn\u011bn\u00edm, zm\u011bnou, ztr\u00e1tou nebo kr\u00e1de\u017e\u00ed.<\/p>\n\n\n\n<h2 class=\"wp-block-heading\">7. Sd\u00edlen\u00ed informac\u00ed<\/h2>\n\n\n\n<p>Neprod\u00e1v\u00e1me osobn\u00ed \u00fadaje. Informace m\u016f\u017eeme sd\u00edlet pouze:<\/p>\n\n\n\n<ul class=\"wp-block-list\">\n<li>Pokud to vy\u017eaduje z\u00e1kon<\/li>\n\n\n\n<li>S d\u016fv\u011bryhodn\u00fdmi poskytovateli slu\u017eeb (nap\u0159. analytick\u00e9 a reklamn\u00ed platformy)<\/li>\n<\/ul>\n\n\n\n<h2 class=\"wp-block-heading\">8. Z\u00e1sady pou\u017e\u00edv\u00e1n\u00ed soubor\u016f cookie<\/h2>\n\n\n\n<h3 class=\"wp-block-heading\">Co jsou soubory cookie<\/h3>\n\n\n\n<p>Soubory cookie jsou mal\u00e9 textov\u00e9 soubory ukl\u00e1dan\u00e9 do va\u0161eho za\u0159\u00edzen\u00ed, kter\u00e9 zlep\u0161uj\u00ed v\u00e1\u0161 z\u00e1\u017eitek z prohl\u00ed\u017een\u00ed.<\/p>\n\n\n\n<h3 class=\"wp-block-heading\">Jak pou\u017e\u00edv\u00e1me soubory cookie<\/h3>\n\n\n\n<ul class=\"wp-block-list\">\n<li>Zaji\u0161t\u011bn\u00ed funk\u010dnosti webov\u00fdch str\u00e1nek<\/li>\n\n\n\n<li>Analyzujte chov\u00e1n\u00ed u\u017eivatel\u016f<\/li>\n\n\n\n<li>Povolit personalizovanou reklamu<\/li>\n<\/ul>\n\n\n\n<h3 class=\"wp-block-heading\">Spr\u00e1va soubor\u016f cookie<\/h3>\n\n\n\n<ul class=\"wp-block-list\">\n<li><a href=\"https:\/\/support.google.com\/chrome\/answer\/95647\" target=\"_blank\">Google Chrome<\/a><\/li>\n\n\n\n<li><a href=\"https:\/\/support.mozilla.org\" target=\"_blank\">Mozilla Firefox<\/a><\/li>\n\n\n\n<li><a href=\"https:\/\/support.microsoft.com\" target=\"_blank\">Microsoft Edge<\/a><\/li>\n\n\n\n<li><a href=\"https:\/\/help.opera.com\" target=\"_blank\">Opera<\/a><\/li>\n\n\n\n<li><a href=\"https:\/\/support.apple.com\" target=\"_blank\">Safari<\/a><\/li>\n<\/ul>\n\n\n\n<h2 class=\"wp-block-heading\">9. Extern\u00ed odkazy<\/h2>\n\n\n\n<p>Neneseme odpov\u011bdnost za webov\u00e9 str\u00e1nky t\u0159et\u00edch stran, na kter\u00e9 odkazujeme na na\u0161\u00ed platform\u011b.<\/p>\n\n\n\n<h2 class=\"wp-block-heading\">10. Va\u0161e pr\u00e1va<\/h2>\n\n\n\n<p>Podle z\u00e1kona LGPD m\u016f\u017eete po\u017e\u00e1dat o p\u0159\u00edstup k va\u0161im osobn\u00edm \u00fadaj\u016fm, jejich opravu nebo smaz\u00e1n\u00ed a v p\u0159\u00edpad\u011b pot\u0159eby odvolat souhlas.<\/p>\n\n\n\n<h2 class=\"wp-block-heading\">11. Zm\u011bny t\u011bchto z\u00e1sad<\/h2>\n\n\n\n<p>Tyto Z\u00e1sady ochrany osobn\u00edch \u00fadaj\u016f m\u016f\u017eeme kdykoli aktualizovat.<\/p>\n\n\n\n<h2 class=\"wp-block-heading\">12. Kontakt<\/h2>\n\n\n\n<p>Pokud m\u00e1te dotazy, kontaktujte n\u00e1s pros\u00edm prost\u0159ednictv\u00edm na\u0161ich webov\u00fdch str\u00e1nek.<\/p>\n\n\n\n<hr class=\"wp-block-separator has-alpha-channel-opacity\"\/>\n\n\n\n<p><strong>Datum \u00fa\u010dinnosti:<\/strong> 31. b\u0159ezna 2026<\/p>","protected":false},"excerpt":{"rendered":"<p>Privacy Policy &#8211; news.judgeapps Your privacy is important to us. This Privacy Policy describes how news.judgeapps collects, uses, and protects your information&#8230;<\/p>","protected":false},"author":3,"featured_media":0,"parent":0,"menu_order":0,"comment_status":"closed","ping_status":"closed","template":"","meta":{"footnotes":""},"class_list":["post-188","page","type-page","status-publish","hentry","entry"],"_links":{"self":[{"href":"https:\/\/news.judgeapps.com\/cs\/wp-json\/wp\/v2\/pages\/188","targetHints":{"allow":["GET"]}}],"collection":[{"href":"https:\/\/news.judgeapps.com\/cs\/wp-json\/wp\/v2\/pages"}],"about":[{"href":"https:\/\/news.judgeapps.com\/cs\/wp-json\/wp\/v2\/types\/page"}],"author":[{"embeddable":true,"href":"https:\/\/news.judgeapps.com\/cs\/wp-json\/wp\/v2\/users\/3"}],"replies":[{"embeddable":true,"href":"https:\/\/news.judgeapps.com\/cs\/wp-json\/wp\/v2\/comments?post=188"}],"version-history":[{"count":5,"href":"https:\/\/news.judgeapps.com\/cs\/wp-json\/wp\/v2\/pages\/188\/revisions"}],"predecessor-version":[{"id":2695,"href":"https:\/\/news.judgeapps.com\/cs\/wp-json\/wp\/v2\/pages\/188\/revisions\/2695"}],"wp:attachment":[{"href":"https:\/\/news.judgeapps.com\/cs\/wp-json\/wp\/v2\/media?parent=188"}],"curies":[{"name":"wp","href":"https:\/\/api.w.org\/{rel}","templated":true}]}}